{"id":1356,"date":"2025-02-07T17:12:53","date_gmt":"2025-02-07T16:12:53","guid":{"rendered":"https:\/\/www.phoenix-ffm.de\/qigong\/"},"modified":"2025-06-18T15:16:25","modified_gmt":"2025-06-18T13:16:25","slug":"qigong","status":"publish","type":"page","link":"https:\/\/www.phoenix-ffm.de\/en\/courses\/qigong\/","title":{"rendered":"Qigong"},"content":{"rendered":"<p><div class=\"fusion-fullwidth fullwidth-box fusion-builder-row-1 fusion-flex-container has-pattern-background has-mask-background nonhundred-percent-fullwidth non-hundred-percent-height-scrolling\" style=\"--awb-border-radius-top-left:0px;--awb-border-radius-top-right:0px;--awb-border-radius-bottom-right:0px;--awb-border-radius-bottom-left:0px;--awb-flex-wrap:wrap;\" ><div class=\"fusion-builder-row fusion-row fusion-flex-align-items-flex-start fusion-flex-content-wrap\" style=\"max-width:1248px;margin-left: calc(-4% \/ 2 );margin-right: calc(-4% \/ 2 );\"><div class=\"fusion-layout-column fusion_builder_column fusion-builder-column-0 fusion_builder_column_1_1 1_1 fusion-flex-column\" style=\"--awb-bg-size:cover;--awb-width-large:100%;--awb-margin-top-large:0px;--awb-spacing-right-large:1.92%;--awb-margin-bottom-large:20px;--awb-spacing-left-large:1.92%;--awb-width-medium:100%;--awb-order-medium:0;--awb-spacing-right-medium:1.92%;--awb-spacing-left-medium:1.92%;--awb-width-small:100%;--awb-order-small:0;--awb-spacing-right-small:1.92%;--awb-spacing-left-small:1.92%;\"><div class=\"fusion-column-wrapper fusion-column-has-shadow fusion-flex-justify-content-flex-start fusion-content-layout-column\"><div class=\"fusion-title title fusion-title-1 fusion-sep-none fusion-title-text fusion-title-size-one\" style=\"--awb-margin-top-small:10px;--awb-margin-right-small:0px;--awb-margin-bottom-small:10px;--awb-margin-left-small:0px;\"><h1 class=\"fusion-title-heading title-heading-left fusion-responsive-typography-calculated\" style=\"margin:0;--fontSize:60;line-height:var(--awb-typography1-line-height);\">Learn Qi Gong in Frankfurt<\/h1><\/div><div class=\"fusion-text fusion-text-1\"><p>In our Qigong school we offer Qigong courses for: Beginners, advanced &amp; prevention courses according to \u00a720<\/p>\n<\/div><\/div><\/div><\/div><\/div><div class=\"fusion-fullwidth fullwidth-box fusion-builder-row-2 fusion-flex-container has-pattern-background has-mask-background nonhundred-percent-fullwidth non-hundred-percent-height-scrolling\" style=\"--awb-border-radius-top-left:0px;--awb-border-radius-top-right:0px;--awb-border-radius-bottom-right:0px;--awb-border-radius-bottom-left:0px;--awb-flex-wrap:wrap;\" ><div class=\"fusion-builder-row fusion-row fusion-flex-align-items-flex-start fusion-flex-content-wrap\" style=\"max-width:1248px;margin-left: calc(-4% \/ 2 );margin-right: calc(-4% \/ 2 );\"><div class=\"fusion-layout-column fusion_builder_column fusion-builder-column-1 fusion_builder_column_1_2 1_2 fusion-flex-column\" style=\"--awb-bg-size:cover;--awb-width-large:50%;--awb-margin-top-large:0px;--awb-spacing-right-large:3.84%;--awb-margin-bottom-large:20px;--awb-spacing-left-large:3.84%;--awb-width-medium:50%;--awb-order-medium:0;--awb-spacing-right-medium:3.84%;--awb-spacing-left-medium:3.84%;--awb-width-small:100%;--awb-order-small:0;--awb-spacing-right-small:1.92%;--awb-spacing-left-small:1.92%;\"><div class=\"fusion-column-wrapper fusion-column-has-shadow fusion-flex-justify-content-flex-start fusion-content-layout-column\"><div class=\"fusion-title title fusion-title-2 fusion-sep-none fusion-title-text fusion-title-size-two\" style=\"--awb-margin-top-small:10px;--awb-margin-right-small:0px;--awb-margin-bottom-small:10px;--awb-margin-left-small:0px;\"><h2 class=\"fusion-title-heading title-heading-left fusion-responsive-typography-calculated\" style=\"margin:0;--fontSize:54;line-height:var(--awb-typography1-line-height);\">Qi Gong<\/h2><\/div><div class=\"fusion-title title fusion-title-3 fusion-sep-none fusion-title-text fusion-title-size-two\" style=\"--awb-margin-top-small:10px;--awb-margin-right-small:0px;--awb-margin-bottom-small:10px;--awb-margin-left-small:0px;--awb-font-size:35px;\"><h2 class=\"fusion-title-heading title-heading-left fusion-responsive-typography-calculated\" style=\"margin:0;font-size:1em;--fontSize:35;line-height:var(--awb-typography1-line-height);\"><p>Are you looking for health and healing?<br \/>\nGet on your way.<\/p><\/h2><\/div><div class=\"fusion-text fusion-text-2\"><p>Qi Gong, the way of shamans and healers, but also a modern way of effective health maintenance and regeneration.<\/p>\n<p>For connoisseurs, cozy and intelligent people. For those who want to strengthen themselves and those who want to stay strong. The exercises are easy to learn, very relaxed to perform and incredibly effective. A Chinese proverb says: \u201cFirst you become healthy through Qi Gong, then strong and later wise.\u201d   <\/p>\n<p>Take the first step and participate in this ancient wisdom and health care.<\/p>\n<\/div><div class=\"fusion-title title fusion-title-4 fusion-sep-none fusion-title-text fusion-title-size-three\" style=\"--awb-margin-top-small:10px;--awb-margin-right-small:0px;--awb-margin-bottom-small:10px;--awb-margin-left-small:0px;\"><h3 class=\"fusion-title-heading title-heading-left fusion-responsive-typography-calculated\" style=\"margin:0;--fontSize:40;line-height:var(--awb-typography1-line-height);\">Focus of the training:<\/h3><\/div><ul style=\"--awb-margin-bottom:20px;--awb-line-height:27.2px;--awb-icon-width:27.2px;--awb-icon-height:27.2px;--awb-icon-margin:11.2px;--awb-content-margin:38.4px;\" class=\"fusion-checklist fusion-checklist-1 fusion-checklist-default type-icons\"><li class=\"fusion-li-item\" style=\"\"><span class=\"icon-wrapper circle-no\"><i class=\"fusion-li-icon fa-check fas\" aria-hidden=\"true\"><\/i><\/span><div class=\"fusion-li-item-content\">\n<p>Activation of the healing powers<\/p>\n<\/div><\/li><li class=\"fusion-li-item\" style=\"\"><span class=\"icon-wrapper circle-no\"><i class=\"fusion-li-icon fa-check fas\" aria-hidden=\"true\"><\/i><\/span><div class=\"fusion-li-item-content\">\n<p>Strengthening vitality<\/p>\n<\/div><\/li><li class=\"fusion-li-item\" style=\"\"><span class=\"icon-wrapper circle-no\"><i class=\"fusion-li-icon fa-check fas\" aria-hidden=\"true\"><\/i><\/span><div class=\"fusion-li-item-content\">\n<p>Physical and mental regeneration<\/p>\n<\/div><\/li><\/ul><div ><a class=\"fusion-button button-flat fusion-button-default-size button-default fusion-button-default button-1 fusion-button-default-span fusion-button-default-type\" style=\"--awb-margin-bottom:20px;\" target=\"_self\" href=\"https:\/\/www.phoenix-ffm.de\/en\/trainings\/trial-training\/\"><span class=\"fusion-button-text awb-button__text awb-button__text--default\">Arrange a free trial training session!<\/span><\/a><\/div>\n<div ><a class=\"fusion-button button-flat fusion-button-default-size button-default fusion-button-default button-2 fusion-button-default-span fusion-button-default-type\" style=\"--awb-margin-bottom:20px;\" target=\"_self\" href=\"https:\/\/www.phoenix-ffm.de\/en\/seminars-educational-vacations-workshops\/\"><span class=\"fusion-button-text awb-button__text awb-button__text--default\">To the prevention courses<\/span><\/a><\/div>\n<div class=\"fusion-text fusion-text-3\"><p>Phoenix is an official representative of the International Qigong School Jianshengong of the Sun Tradition<br \/>\n\u56fd\u9645\u5065\u795e\u6c23\u529f\u5b66\u9662<\/p>\n<\/div><\/div><\/div><div class=\"fusion-layout-column fusion_builder_column fusion-builder-column-2 fusion_builder_column_1_2 1_2 fusion-flex-column\" style=\"--awb-bg-size:cover;--awb-width-large:50%;--awb-margin-top-large:0px;--awb-spacing-right-large:3.84%;--awb-margin-bottom-large:0px;--awb-spacing-left-large:3.84%;--awb-width-medium:50%;--awb-order-medium:0;--awb-spacing-right-medium:3.84%;--awb-spacing-left-medium:3.84%;--awb-width-small:100%;--awb-order-small:0;--awb-spacing-right-small:1.92%;--awb-spacing-left-small:1.92%;\" data-scroll-devices=\"small-visibility,medium-visibility,large-visibility\"><div class=\"fusion-column-wrapper fusion-column-has-shadow fusion-flex-justify-content-flex-start fusion-content-layout-column\"><div class=\"fusion-image-element \" style=\"--awb-caption-title-font-family:var(--h2_typography-font-family);--awb-caption-title-font-weight:var(--h2_typography-font-weight);--awb-caption-title-font-style:var(--h2_typography-font-style);--awb-caption-title-size:var(--h2_typography-font-size);--awb-caption-title-transform:var(--h2_typography-text-transform);--awb-caption-title-line-height:var(--h2_typography-line-height);--awb-caption-title-letter-spacing:var(--h2_typography-letter-spacing);\"><span class=\" fusion-imageframe imageframe-none imageframe-1 hover-type-none\"><img decoding=\"async\" width=\"656\" height=\"1158\" title=\"qigong2\" src=\"https:\/\/www.phoenix-ffm.de\/wp-content\/uploads\/2025\/02\/qigong2.jpg\" data-orig-src=\"https:\/\/www.phoenix-ffm.de\/wp-content\/uploads\/2025\/02\/qigong2.jpg\" alt class=\"lazyload img-responsive wp-image-971\" srcset=\"data:image\/svg+xml,%3Csvg%20xmlns%3D%27http%3A%2F%2Fwww.w3.org%2F2000%2Fsvg%27%20width%3D%27656%27%20height%3D%271158%27%20viewBox%3D%270%200%20656%201158%27%3E%3Crect%20width%3D%27656%27%20height%3D%271158%27%20fill-opacity%3D%220%22%2F%3E%3C%2Fsvg%3E\" data-srcset=\"https:\/\/www.phoenix-ffm.de\/wp-content\/uploads\/2025\/02\/qigong2-200x353.jpg 200w, https:\/\/www.phoenix-ffm.de\/wp-content\/uploads\/2025\/02\/qigong2-400x706.jpg 400w, https:\/\/www.phoenix-ffm.de\/wp-content\/uploads\/2025\/02\/qigong2-600x1059.jpg 600w, https:\/\/www.phoenix-ffm.de\/wp-content\/uploads\/2025\/02\/qigong2.jpg 656w\" data-sizes=\"auto\" data-orig-sizes=\"(max-width: 640px) 100vw, 600px\" \/><\/span><\/div><\/div><\/div><\/div><\/div><\/p>\n","protected":false},"excerpt":{"rendered":"","protected":false},"author":1,"featured_media":0,"parent":1359,"menu_order":0,"comment_status":"closed","ping_status":"closed","template":"100-width.php","meta":{"footnotes":""},"class_list":["post-1356","page","type-page","status-publish","hentry"],"yoast_head":"<!-- This site is optimized with the Yoast SEO plugin v27.5 - https:\/\/yoast.com\/product\/yoast-seo-wordpress\/ -->\n<title>Qigong - Ph\u00f6nix Akademie f\u00fcr Kampfkunst und Heilk\u00fcnste<\/title>\n<meta name=\"robots\" content=\"index, follow, max-snippet:-1, max-image-preview:large, max-video-preview:-1\" \/>\n<link rel=\"canonical\" href=\"https:\/\/www.phoenix-ffm.de\/en\/courses\/qigong\/\" \/>\n<meta property=\"og:locale\" content=\"en_US\" \/>\n<meta property=\"og:type\" content=\"article\" \/>\n<meta property=\"og:title\" content=\"Qigong - Ph\u00f6nix Akademie f\u00fcr Kampfkunst und Heilk\u00fcnste\" \/>\n<meta property=\"og:url\" content=\"https:\/\/www.phoenix-ffm.de\/en\/courses\/qigong\/\" \/>\n<meta property=\"og:site_name\" content=\"Ph\u00f6nix Akademie f\u00fcr Kampfkunst und Heilk\u00fcnste\" \/>\n<meta property=\"article:modified_time\" content=\"2025-06-18T13:16:25+00:00\" \/>\n<meta name=\"twitter:card\" content=\"summary_large_image\" \/>\n<meta name=\"twitter:label1\" content=\"Est. reading time\" \/>\n\t<meta name=\"twitter:data1\" content=\"21 minutes\" \/>\n<script type=\"application\/ld+json\" class=\"yoast-schema-graph\">{\"@context\":\"https:\\\/\\\/schema.org\",\"@graph\":[{\"@type\":\"WebPage\",\"@id\":\"https:\\\/\\\/www.phoenix-ffm.de\\\/en\\\/courses\\\/qigong\\\/\",\"url\":\"https:\\\/\\\/www.phoenix-ffm.de\\\/en\\\/courses\\\/qigong\\\/\",\"name\":\"Qigong - Ph\u00f6nix Akademie f\u00fcr Kampfkunst und Heilk\u00fcnste\",\"isPartOf\":{\"@id\":\"https:\\\/\\\/www.phoenix-ffm.de\\\/en\\\/#website\"},\"datePublished\":\"2025-02-07T16:12:53+00:00\",\"dateModified\":\"2025-06-18T13:16:25+00:00\",\"breadcrumb\":{\"@id\":\"https:\\\/\\\/www.phoenix-ffm.de\\\/en\\\/courses\\\/qigong\\\/#breadcrumb\"},\"inLanguage\":\"en-US\",\"potentialAction\":[{\"@type\":\"ReadAction\",\"target\":[\"https:\\\/\\\/www.phoenix-ffm.de\\\/en\\\/courses\\\/qigong\\\/\"]}]},{\"@type\":\"BreadcrumbList\",\"@id\":\"https:\\\/\\\/www.phoenix-ffm.de\\\/en\\\/courses\\\/qigong\\\/#breadcrumb\",\"itemListElement\":[{\"@type\":\"ListItem\",\"position\":1,\"name\":\"Startseite\",\"item\":\"https:\\\/\\\/www.phoenix-ffm.de\\\/en\\\/\"},{\"@type\":\"ListItem\",\"position\":2,\"name\":\"Courses\",\"item\":\"https:\\\/\\\/www.phoenix-ffm.de\\\/en\\\/courses\\\/\"},{\"@type\":\"ListItem\",\"position\":3,\"name\":\"Qigong\"}]},{\"@type\":\"WebSite\",\"@id\":\"https:\\\/\\\/www.phoenix-ffm.de\\\/en\\\/#website\",\"url\":\"https:\\\/\\\/www.phoenix-ffm.de\\\/en\\\/\",\"name\":\"Ph\u00f6nix Akademie f\u00fcr Kampfkunst und Heilk\u00fcnste\",\"description\":\"Frankfurt am Main\",\"publisher\":{\"@id\":\"https:\\\/\\\/www.phoenix-ffm.de\\\/en\\\/#organization\"},\"potentialAction\":[{\"@type\":\"SearchAction\",\"target\":{\"@type\":\"EntryPoint\",\"urlTemplate\":\"https:\\\/\\\/www.phoenix-ffm.de\\\/en\\\/?s={search_term_string}\"},\"query-input\":{\"@type\":\"PropertyValueSpecification\",\"valueRequired\":true,\"valueName\":\"search_term_string\"}}],\"inLanguage\":\"en-US\"},{\"@type\":\"Organization\",\"@id\":\"https:\\\/\\\/www.phoenix-ffm.de\\\/en\\\/#organization\",\"name\":\"Ph\u00f6nix Akademie f\u00fcr Kampfkunst und Heilk\u00fcnste\",\"url\":\"https:\\\/\\\/www.phoenix-ffm.de\\\/en\\\/\",\"logo\":{\"@type\":\"ImageObject\",\"inLanguage\":\"en-US\",\"@id\":\"https:\\\/\\\/www.phoenix-ffm.de\\\/en\\\/#\\\/schema\\\/logo\\\/image\\\/\",\"url\":\"https:\\\/\\\/www.phoenix-ffm.de\\\/wp-content\\\/uploads\\\/2025\\\/02\\\/fav_phoenix_270px.png\",\"contentUrl\":\"https:\\\/\\\/www.phoenix-ffm.de\\\/wp-content\\\/uploads\\\/2025\\\/02\\\/fav_phoenix_270px.png\",\"width\":270,\"height\":270,\"caption\":\"Ph\u00f6nix Akademie f\u00fcr Kampfkunst und Heilk\u00fcnste\"},\"image\":{\"@id\":\"https:\\\/\\\/www.phoenix-ffm.de\\\/en\\\/#\\\/schema\\\/logo\\\/image\\\/\"}}]}<\/script>\n<!-- \/ Yoast SEO plugin. -->","yoast_head_json":{"title":"Qigong - Ph\u00f6nix Akademie f\u00fcr Kampfkunst und Heilk\u00fcnste","robots":{"index":"index","follow":"follow","max-snippet":"max-snippet:-1","max-image-preview":"max-image-preview:large","max-video-preview":"max-video-preview:-1"},"canonical":"https:\/\/www.phoenix-ffm.de\/en\/courses\/qigong\/","og_locale":"en_US","og_type":"article","og_title":"Qigong - Ph\u00f6nix Akademie f\u00fcr Kampfkunst und Heilk\u00fcnste","og_url":"https:\/\/www.phoenix-ffm.de\/en\/courses\/qigong\/","og_site_name":"Ph\u00f6nix Akademie f\u00fcr Kampfkunst und Heilk\u00fcnste","article_modified_time":"2025-06-18T13:16:25+00:00","twitter_card":"summary_large_image","twitter_misc":{"Est. reading time":"21 minutes"},"schema":{"@context":"https:\/\/schema.org","@graph":[{"@type":"WebPage","@id":"https:\/\/www.phoenix-ffm.de\/en\/courses\/qigong\/","url":"https:\/\/www.phoenix-ffm.de\/en\/courses\/qigong\/","name":"Qigong - Ph\u00f6nix Akademie f\u00fcr Kampfkunst und Heilk\u00fcnste","isPartOf":{"@id":"https:\/\/www.phoenix-ffm.de\/en\/#website"},"datePublished":"2025-02-07T16:12:53+00:00","dateModified":"2025-06-18T13:16:25+00:00","breadcrumb":{"@id":"https:\/\/www.phoenix-ffm.de\/en\/courses\/qigong\/#breadcrumb"},"inLanguage":"en-US","potentialAction":[{"@type":"ReadAction","target":["https:\/\/www.phoenix-ffm.de\/en\/courses\/qigong\/"]}]},{"@type":"BreadcrumbList","@id":"https:\/\/www.phoenix-ffm.de\/en\/courses\/qigong\/#breadcrumb","itemListElement":[{"@type":"ListItem","position":1,"name":"Startseite","item":"https:\/\/www.phoenix-ffm.de\/en\/"},{"@type":"ListItem","position":2,"name":"Courses","item":"https:\/\/www.phoenix-ffm.de\/en\/courses\/"},{"@type":"ListItem","position":3,"name":"Qigong"}]},{"@type":"WebSite","@id":"https:\/\/www.phoenix-ffm.de\/en\/#website","url":"https:\/\/www.phoenix-ffm.de\/en\/","name":"Ph\u00f6nix Akademie f\u00fcr Kampfkunst und Heilk\u00fcnste","description":"Frankfurt am Main","publisher":{"@id":"https:\/\/www.phoenix-ffm.de\/en\/#organization"},"potentialAction":[{"@type":"SearchAction","target":{"@type":"EntryPoint","urlTemplate":"https:\/\/www.phoenix-ffm.de\/en\/?s={search_term_string}"},"query-input":{"@type":"PropertyValueSpecification","valueRequired":true,"valueName":"search_term_string"}}],"inLanguage":"en-US"},{"@type":"Organization","@id":"https:\/\/www.phoenix-ffm.de\/en\/#organization","name":"Ph\u00f6nix Akademie f\u00fcr Kampfkunst und Heilk\u00fcnste","url":"https:\/\/www.phoenix-ffm.de\/en\/","logo":{"@type":"ImageObject","inLanguage":"en-US","@id":"https:\/\/www.phoenix-ffm.de\/en\/#\/schema\/logo\/image\/","url":"https:\/\/www.phoenix-ffm.de\/wp-content\/uploads\/2025\/02\/fav_phoenix_270px.png","contentUrl":"https:\/\/www.phoenix-ffm.de\/wp-content\/uploads\/2025\/02\/fav_phoenix_270px.png","width":270,"height":270,"caption":"Ph\u00f6nix Akademie f\u00fcr Kampfkunst und Heilk\u00fcnste"},"image":{"@id":"https:\/\/www.phoenix-ffm.de\/en\/#\/schema\/logo\/image\/"}}]}},"_links":{"self":[{"href":"https:\/\/www.phoenix-ffm.de\/en\/wp-json\/wp\/v2\/pages\/1356","targetHints":{"allow":["GET"]}}],"collection":[{"href":"https:\/\/www.phoenix-ffm.de\/en\/wp-json\/wp\/v2\/pages"}],"about":[{"href":"https:\/\/www.phoenix-ffm.de\/en\/wp-json\/wp\/v2\/types\/page"}],"author":[{"embeddable":true,"href":"https:\/\/www.phoenix-ffm.de\/en\/wp-json\/wp\/v2\/users\/1"}],"replies":[{"embeddable":true,"href":"https:\/\/www.phoenix-ffm.de\/en\/wp-json\/wp\/v2\/comments?post=1356"}],"version-history":[{"count":12,"href":"https:\/\/www.phoenix-ffm.de\/en\/wp-json\/wp\/v2\/pages\/1356\/revisions"}],"predecessor-version":[{"id":2269,"href":"https:\/\/www.phoenix-ffm.de\/en\/wp-json\/wp\/v2\/pages\/1356\/revisions\/2269"}],"up":[{"embeddable":true,"href":"https:\/\/www.phoenix-ffm.de\/en\/wp-json\/wp\/v2\/pages\/1359"}],"wp:attachment":[{"href":"https:\/\/www.phoenix-ffm.de\/en\/wp-json\/wp\/v2\/media?parent=1356"}],"curies":[{"name":"wp","href":"https:\/\/api.w.org\/{rel}","templated":true}]}}