{"id":1573,"date":"2025-02-12T13:48:47","date_gmt":"2025-02-12T12:48:47","guid":{"rendered":"https:\/\/www.phoenix-ffm.de\/therapy\/special-medical-therapies\/"},"modified":"2025-06-17T12:14:58","modified_gmt":"2025-06-17T10:14:58","slug":"special-medical-therapies","status":"publish","type":"page","link":"https:\/\/www.phoenix-ffm.de\/en\/therapy\/special-medical-therapies\/","title":{"rendered":"Special medical therapies"},"content":{"rendered":"<p><div class=\"fusion-fullwidth fullwidth-box fusion-builder-row-1 fusion-flex-container has-pattern-background has-mask-background nonhundred-percent-fullwidth non-hundred-percent-height-scrolling\" style=\"--awb-border-radius-top-left:0px;--awb-border-radius-top-right:0px;--awb-border-radius-bottom-right:0px;--awb-border-radius-bottom-left:0px;--awb-flex-wrap:wrap;\" ><div class=\"fusion-builder-row fusion-row fusion-flex-align-items-flex-start fusion-flex-content-wrap\" style=\"max-width:1248px;margin-left: calc(-4% \/ 2 );margin-right: calc(-4% \/ 2 );\"><div class=\"fusion-layout-column fusion_builder_column fusion-builder-column-0 fusion_builder_column_1_1 1_1 fusion-flex-column\" style=\"--awb-bg-size:cover;--awb-width-large:100%;--awb-margin-top-large:0px;--awb-spacing-right-large:1.92%;--awb-margin-bottom-large:20px;--awb-spacing-left-large:1.92%;--awb-width-medium:100%;--awb-order-medium:0;--awb-spacing-right-medium:1.92%;--awb-spacing-left-medium:1.92%;--awb-width-small:100%;--awb-order-small:0;--awb-spacing-right-small:1.92%;--awb-spacing-left-small:1.92%;\"><div class=\"fusion-column-wrapper fusion-column-has-shadow fusion-flex-justify-content-flex-start fusion-content-layout-column\"><div class=\"fusion-title title fusion-title-1 fusion-sep-none fusion-title-center fusion-title-text fusion-title-size-one\" style=\"--awb-margin-top-small:10px;--awb-margin-right-small:0px;--awb-margin-bottom-small:10px;--awb-margin-left-small:0px;\"><h1 class=\"fusion-title-heading title-heading-center fusion-responsive-typography-calculated\" style=\"margin:0;--fontSize:60;line-height:var(--awb-typography1-line-height);\">Special medical therapies at the Ph\u00f6nix Academy Frankfurt<\/h1><\/div><div class=\"fusion-text fusion-text-1\"><p style=\"text-align: center;\">Examination, advice and treatment<\/p>\n<\/div><\/div><\/div><\/div><\/div><div class=\"fusion-fullwidth fullwidth-box fusion-builder-row-2 fusion-flex-container has-pattern-background has-mask-background nonhundred-percent-fullwidth non-hundred-percent-height-scrolling\" style=\"--awb-border-radius-top-left:0px;--awb-border-radius-top-right:0px;--awb-border-radius-bottom-right:0px;--awb-border-radius-bottom-left:0px;--awb-flex-wrap:wrap;\" ><div class=\"fusion-builder-row fusion-row fusion-flex-align-items-flex-start fusion-flex-content-wrap\" style=\"max-width:1248px;margin-left: calc(-4% \/ 2 );margin-right: calc(-4% \/ 2 );\"><div class=\"fusion-layout-column fusion_builder_column fusion-builder-column-1 fusion_builder_column_1_1 1_1 fusion-flex-column\" style=\"--awb-bg-size:cover;--awb-width-large:100%;--awb-margin-top-large:0px;--awb-spacing-right-large:1.92%;--awb-margin-bottom-large:20px;--awb-spacing-left-large:1.92%;--awb-width-medium:100%;--awb-order-medium:0;--awb-spacing-right-medium:1.92%;--awb-spacing-left-medium:1.92%;--awb-width-small:100%;--awb-order-small:0;--awb-spacing-right-small:1.92%;--awb-spacing-left-small:1.92%;\"><div class=\"fusion-column-wrapper fusion-column-has-shadow fusion-flex-justify-content-flex-start fusion-content-layout-column\"><div class=\"fusion-title title fusion-title-2 fusion-sep-none fusion-title-text fusion-title-size-two\" style=\"--awb-margin-top-small:10px;--awb-margin-right-small:0px;--awb-margin-bottom-small:10px;--awb-margin-left-small:0px;\"><h2 class=\"fusion-title-heading title-heading-left fusion-responsive-typography-calculated\" style=\"margin:0;--fontSize:54;line-height:var(--awb-typography1-line-height);\">Craniosacral therapy &#8211; Visceral therapy &#8211; Pediatric osteopathy &#8211; Support for athletes<\/h2><\/div><\/div><\/div><\/div><\/div><div class=\"fusion-fullwidth fullwidth-box fusion-builder-row-3 fusion-flex-container has-pattern-background has-mask-background nonhundred-percent-fullwidth non-hundred-percent-height-scrolling\" style=\"--awb-border-radius-top-left:0px;--awb-border-radius-top-right:0px;--awb-border-radius-bottom-right:0px;--awb-border-radius-bottom-left:0px;--awb-padding-bottom:50px;--awb-flex-wrap:wrap;\" ><div class=\"fusion-builder-row fusion-row fusion-flex-align-items-flex-start fusion-flex-content-wrap\" style=\"max-width:1248px;margin-left: calc(-4% \/ 2 );margin-right: calc(-4% \/ 2 );\"><div class=\"fusion-layout-column fusion_builder_column fusion-builder-column-2 fusion_builder_column_2_3 2_3 fusion-flex-column\" style=\"--awb-bg-size:cover;--awb-width-large:66.666666666667%;--awb-margin-top-large:0px;--awb-spacing-right-large:2.88%;--awb-margin-bottom-large:20px;--awb-spacing-left-large:2.88%;--awb-width-medium:66.666666666667%;--awb-order-medium:0;--awb-spacing-right-medium:2.88%;--awb-spacing-left-medium:2.88%;--awb-width-small:100%;--awb-order-small:0;--awb-spacing-right-small:1.92%;--awb-spacing-left-small:1.92%;\"><div class=\"fusion-column-wrapper fusion-column-has-shadow fusion-flex-justify-content-flex-start fusion-content-layout-column\"><div class=\"fusion-text fusion-text-2\"><p>Physiotherapy is the umbrella term for different forms of therapy that are used equally in disease prevention, in the acute and chronic phase, as well as in the rehabilitation of an injury.<br \/>\nThe most important question is clarified right at the beginning in the anamnesis: Which form of therapy is the right one for whom in which phase? Together, we evaluate your personal medical history &#8211; through an interview, inspection (observation) and palpation (feeling). In the course of the therapy, interim findings are repeatedly interwoven to prevent missteps and ensure joint success.<br \/>\nDon&#8217;t put up with complaints any longer, get active. Your body will thank you for it.   <\/p>\n<p>The classic form of physiotherapy is suitable for everyone from amateurs to amateur and professional athletes.<\/p>\n<\/div><div class=\"fusion-title title fusion-title-3 fusion-sep-none fusion-title-text fusion-title-size-three\" style=\"--awb-margin-top-small:10px;--awb-margin-right-small:0px;--awb-margin-bottom-small:10px;--awb-margin-left-small:0px;\"><h3 class=\"fusion-title-heading title-heading-left fusion-responsive-typography-calculated\" style=\"margin:0;--fontSize:40;line-height:var(--awb-typography1-line-height);\">The following Speial therapies are offered by our therapists:<\/h3><\/div><ul style=\"--awb-line-height:27.2px;--awb-icon-width:27.2px;--awb-icon-height:27.2px;--awb-icon-margin:11.2px;--awb-content-margin:38.4px;\" class=\"fusion-checklist fusion-checklist-1 fusion-checklist-default type-icons\"><li class=\"fusion-li-item\" style=\"\"><span class=\"icon-wrapper circle-no\"><i class=\"fusion-li-icon fa-angle-double-right fas\" aria-hidden=\"true\"><\/i><\/span><div class=\"fusion-li-item-content\">\n<p>Osteopathy<\/p>\n<\/div><\/li><li class=\"fusion-li-item\" style=\"\"><span class=\"icon-wrapper circle-no\"><i class=\"fusion-li-icon fa-angle-double-right fas\" aria-hidden=\"true\"><\/i><\/span><div class=\"fusion-li-item-content\">\n<p>Craniosacral therapy<\/p>\n<\/div><\/li><li class=\"fusion-li-item\" style=\"\"><span class=\"icon-wrapper circle-no\"><i class=\"fusion-li-icon fa-angle-double-right fas\" aria-hidden=\"true\"><\/i><\/span><div class=\"fusion-li-item-content\">\n<p>Visceral therapy<\/p>\n<\/div><\/li><li class=\"fusion-li-item\" style=\"\"><span class=\"icon-wrapper circle-no\"><i class=\"fusion-li-icon fa-angle-double-right fas\" aria-hidden=\"true\"><\/i><\/span><div class=\"fusion-li-item-content\">\n<p>Pediatric osteopathy<\/p>\n<\/div><\/li><li class=\"fusion-li-item\" style=\"\"><span class=\"icon-wrapper circle-no\"><i class=\"fusion-li-icon fa-angle-double-right fas\" aria-hidden=\"true\"><\/i><\/span><div class=\"fusion-li-item-content\">\n<p>Physiotherapy<\/p>\n<\/div><\/li><li class=\"fusion-li-item\" style=\"\"><span class=\"icon-wrapper circle-no\"><i class=\"fusion-li-icon fa-angle-double-right fas\" aria-hidden=\"true\"><\/i><\/span><div class=\"fusion-li-item-content\">\n<p>Support for athletes<\/p>\n<\/div><\/li><\/ul><\/div><\/div><div class=\"fusion-layout-column fusion_builder_column fusion-builder-column-3 fusion_builder_column_1_3 1_3 fusion-flex-column\" style=\"--awb-bg-size:cover;--awb-width-large:33.333333333333%;--awb-margin-top-large:0px;--awb-spacing-right-large:5.76%;--awb-margin-bottom-large:20px;--awb-spacing-left-large:5.76%;--awb-width-medium:33.333333333333%;--awb-order-medium:0;--awb-spacing-right-medium:5.76%;--awb-spacing-left-medium:5.76%;--awb-width-small:100%;--awb-order-small:0;--awb-spacing-right-small:1.92%;--awb-spacing-left-small:1.92%;\"><div class=\"fusion-column-wrapper fusion-column-has-shadow fusion-flex-justify-content-flex-start fusion-content-layout-column\"><div class=\"fusion-image-element \" style=\"--awb-margin-bottom:25px;--awb-caption-title-font-family:var(--h2_typography-font-family);--awb-caption-title-font-weight:var(--h2_typography-font-weight);--awb-caption-title-font-style:var(--h2_typography-font-style);--awb-caption-title-size:var(--h2_typography-font-size);--awb-caption-title-transform:var(--h2_typography-text-transform);--awb-caption-title-line-height:var(--h2_typography-line-height);--awb-caption-title-letter-spacing:var(--h2_typography-letter-spacing);\"><span class=\" fusion-imageframe imageframe-none imageframe-1 hover-type-none\"><img decoding=\"async\" width=\"427\" height=\"640\" title=\"med-spezialtherapien-alex\" src=\"https:\/\/www.phoenix-ffm.de\/wp-content\/uploads\/2025\/02\/med-spezialtherapien-alex.jpg\" data-orig-src=\"https:\/\/www.phoenix-ffm.de\/wp-content\/uploads\/2025\/02\/med-spezialtherapien-alex.jpg\" alt class=\"lazyload img-responsive wp-image-1305\" srcset=\"data:image\/svg+xml,%3Csvg%20xmlns%3D%27http%3A%2F%2Fwww.w3.org%2F2000%2Fsvg%27%20width%3D%27427%27%20height%3D%27640%27%20viewBox%3D%270%200%20427%20640%27%3E%3Crect%20width%3D%27427%27%20height%3D%27640%27%20fill-opacity%3D%220%22%2F%3E%3C%2Fsvg%3E\" data-srcset=\"https:\/\/www.phoenix-ffm.de\/wp-content\/uploads\/2025\/02\/med-spezialtherapien-alex-200x300.jpg 200w, https:\/\/www.phoenix-ffm.de\/wp-content\/uploads\/2025\/02\/med-spezialtherapien-alex-400x600.jpg 400w, https:\/\/www.phoenix-ffm.de\/wp-content\/uploads\/2025\/02\/med-spezialtherapien-alex.jpg 427w\" data-sizes=\"auto\" data-orig-sizes=\"(max-width: 640px) 100vw, 400px\" \/><\/span><\/div><div ><a class=\"fusion-button button-flat fusion-button-default-size button-default fusion-button-default button-1 fusion-button-default-span fusion-button-default-type\" target=\"_blank\" rel=\"noopener noreferrer\" href=\"https:\/\/alexandra-prase-dressler.de\/\"><i class=\"fa-external-link-alt fas awb-button__icon awb-button__icon--default button-icon-left\" aria-hidden=\"true\"><\/i><span class=\"fusion-button-text awb-button__text awb-button__text--default\">To the website of alternative practitioner Alexandra Prase-Dre\u00dfler<\/span><\/a><\/div><\/div><\/div><\/div><\/div><div class=\"fusion-fullwidth fullwidth-box fusion-builder-row-4 fusion-flex-container has-pattern-background has-mask-background nonhundred-percent-fullwidth non-hundred-percent-height-scrolling\" style=\"--awb-border-radius-top-left:0px;--awb-border-radius-top-right:0px;--awb-border-radius-bottom-right:0px;--awb-border-radius-bottom-left:0px;--awb-padding-top:50px;--awb-padding-bottom:50px;--awb-background-color:var(--awb-color2);--awb-flex-wrap:wrap;\" ><div class=\"fusion-builder-row fusion-row fusion-flex-align-items-flex-start fusion-flex-content-wrap\" style=\"max-width:1248px;margin-left: calc(-4% \/ 2 );margin-right: calc(-4% \/ 2 );\"><div class=\"fusion-layout-column fusion_builder_column fusion-builder-column-4 fusion_builder_column_1_1 1_1 fusion-flex-column\" style=\"--awb-bg-size:cover;--awb-width-large:100%;--awb-margin-top-large:0px;--awb-spacing-right-large:1.92%;--awb-margin-bottom-large:20px;--awb-spacing-left-large:1.92%;--awb-width-medium:100%;--awb-order-medium:0;--awb-spacing-right-medium:1.92%;--awb-spacing-left-medium:1.92%;--awb-width-small:100%;--awb-order-small:0;--awb-spacing-right-small:1.92%;--awb-spacing-left-small:1.92%;\"><div class=\"fusion-column-wrapper fusion-column-has-shadow fusion-flex-justify-content-flex-start fusion-content-layout-column\"><div class=\"fusion-title title fusion-title-4 fusion-sep-none fusion-title-text fusion-title-size-three\" style=\"--awb-text-color:var(--awb-color5);--awb-margin-top-small:10px;--awb-margin-right-small:0px;--awb-margin-bottom-small:10px;--awb-margin-left-small:0px;\"><h3 class=\"fusion-title-heading title-heading-left fusion-responsive-typography-calculated\" style=\"margin:0;--fontSize:40;line-height:var(--awb-typography1-line-height);\">Craniosacral therapy &#8211; gentle but effective<\/h3><\/div><div class=\"fusion-text fusion-text-3 fusion-text-no-margin\" style=\"--awb-margin-bottom:50px;\"><p>Craniosacral bodywork is a gentle, soothing and at the same time deeply effective method. Sensitive, precise techniques activate the body to reorganize and regulate itself. You experience deep physical and mental relaxation and alignment. Very suitable for stress-induced illnesses such as tinnitus, CMD, vegetative dystonia and migraines.<\/p>\n<\/div><div class=\"fusion-title title fusion-title-5 fusion-sep-none fusion-title-text fusion-title-size-three\" style=\"--awb-text-color:var(--awb-color5);--awb-margin-top-small:10px;--awb-margin-right-small:0px;--awb-margin-bottom-small:10px;--awb-margin-left-small:0px;\"><h3 class=\"fusion-title-heading title-heading-left fusion-responsive-typography-calculated\" style=\"margin:0;--fontSize:40;line-height:var(--awb-typography1-line-height);\">Visceral therapy &#8211; harmony of the organs<\/h3><\/div><div class=\"fusion-text fusion-text-4 fusion-text-no-margin\" style=\"--awb-margin-bottom:50px;\"><p>In this form of therapy, the individual organs and their interaction are treated. The organs are directly and indirectly connected to many other body systems and can cause pain or malfunctions there, e.g. in the muscles or in the respiratory system. The organ itself and its immediate neighboring organs and attachments can also be impaired. Examples of applications are organ weaknesses or irritations, prolapses or protrusions.<\/p>\n<\/div><div class=\"fusion-title title fusion-title-6 fusion-sep-none fusion-title-text fusion-title-size-three\" style=\"--awb-text-color:var(--awb-color5);--awb-margin-top-small:10px;--awb-margin-right-small:0px;--awb-margin-bottom-small:10px;--awb-margin-left-small:0px;\"><h3 class=\"fusion-title-heading title-heading-left fusion-responsive-typography-calculated\" style=\"margin:0;--fontSize:40;line-height:var(--awb-typography1-line-height);\">Pediatric osteopathy &#8211; for infants and children<\/h3><\/div><div class=\"fusion-text fusion-text-5 fusion-text-no-margin\" style=\"--awb-margin-bottom:50px;\"><p>Gentle therapy for babies and children. This therapy often begins with support during pregnancy and birth preparation. The focus here is on the position of the child (pelvic or facial positions), induction of labor and the condition of the mother. Examples of applications after birth can include premature babies, umbilical cord coiling, head deformities, postural asymmetries, adjustment difficulties, e.g. with breathing or digestion and cry babies. The duration and frequency of therapy depend on the development of the infant or child and are adjusted accordingly. After birth, treatment of the mother is very useful and babies without obvious complaints also benefit from newborn screening.<\/p>\n<\/div><div class=\"fusion-title title fusion-title-7 fusion-sep-none fusion-title-text fusion-title-size-three\" style=\"--awb-text-color:var(--awb-color5);--awb-margin-top-small:10px;--awb-margin-right-small:0px;--awb-margin-bottom-small:10px;--awb-margin-left-small:0px;\"><h3 class=\"fusion-title-heading title-heading-left fusion-responsive-typography-calculated\" style=\"margin:0;--fontSize:40;line-height:var(--awb-typography1-line-height);\">Support for athletes &#8211; movement analysis and optimization<\/h3><\/div><div class=\"fusion-text fusion-text-6\"><p>Through my many years of coaching, advising and treating athletes, martial artists and dancers &#8211; with the background of being one myself &#8211; you will benefit from my practical and theoretical knowledge. Through a posture and movement analysis with subsequent correction and advice, incorrect patterns are made aware of and resolved in order to reprogram them so that you are more efficient in your sport, easier on your joints, save energy, are pain-free and thus experience an optimization of your individual sport.<\/p>\n<\/div><\/div><\/div><\/div><\/div><\/p>\n","protected":false},"excerpt":{"rendered":"","protected":false},"author":1,"featured_media":0,"parent":1404,"menu_order":0,"comment_status":"closed","ping_status":"closed","template":"100-width.php","meta":{"footnotes":""},"class_list":["post-1573","page","type-page","status-publish","hentry"],"yoast_head":"<!-- This site is optimized with the Yoast SEO plugin v27.3 - https:\/\/yoast.com\/product\/yoast-seo-wordpress\/ -->\n<title>Special medical therapies - Ph\u00f6nix Akademie f\u00fcr Kampfkunst und Heilk\u00fcnste<\/title>\n<meta name=\"robots\" content=\"index, follow, max-snippet:-1, max-image-preview:large, max-video-preview:-1\" \/>\n<link rel=\"canonical\" href=\"https:\/\/www.phoenix-ffm.de\/en\/therapy\/special-medical-therapies\/\" \/>\n<meta property=\"og:locale\" content=\"en_US\" \/>\n<meta property=\"og:type\" content=\"article\" \/>\n<meta property=\"og:title\" content=\"Special medical therapies - Ph\u00f6nix Akademie f\u00fcr Kampfkunst und Heilk\u00fcnste\" \/>\n<meta property=\"og:url\" content=\"https:\/\/www.phoenix-ffm.de\/en\/therapy\/special-medical-therapies\/\" \/>\n<meta property=\"og:site_name\" content=\"Ph\u00f6nix Akademie f\u00fcr Kampfkunst und Heilk\u00fcnste\" \/>\n<meta property=\"article:modified_time\" content=\"2025-06-17T10:14:58+00:00\" \/>\n<meta name=\"twitter:card\" content=\"summary_large_image\" \/>\n<meta name=\"twitter:label1\" content=\"Est. reading time\" \/>\n\t<meta name=\"twitter:data1\" content=\"37 minutes\" \/>\n<script type=\"application\/ld+json\" class=\"yoast-schema-graph\">{\"@context\":\"https:\\\/\\\/schema.org\",\"@graph\":[{\"@type\":\"WebPage\",\"@id\":\"https:\\\/\\\/www.phoenix-ffm.de\\\/en\\\/therapy\\\/special-medical-therapies\\\/\",\"url\":\"https:\\\/\\\/www.phoenix-ffm.de\\\/en\\\/therapy\\\/special-medical-therapies\\\/\",\"name\":\"Special medical therapies - Ph\u00f6nix Akademie f\u00fcr Kampfkunst und Heilk\u00fcnste\",\"isPartOf\":{\"@id\":\"https:\\\/\\\/www.phoenix-ffm.de\\\/en\\\/#website\"},\"datePublished\":\"2025-02-12T12:48:47+00:00\",\"dateModified\":\"2025-06-17T10:14:58+00:00\",\"breadcrumb\":{\"@id\":\"https:\\\/\\\/www.phoenix-ffm.de\\\/en\\\/therapy\\\/special-medical-therapies\\\/#breadcrumb\"},\"inLanguage\":\"en-US\",\"potentialAction\":[{\"@type\":\"ReadAction\",\"target\":[\"https:\\\/\\\/www.phoenix-ffm.de\\\/en\\\/therapy\\\/special-medical-therapies\\\/\"]}]},{\"@type\":\"BreadcrumbList\",\"@id\":\"https:\\\/\\\/www.phoenix-ffm.de\\\/en\\\/therapy\\\/special-medical-therapies\\\/#breadcrumb\",\"itemListElement\":[{\"@type\":\"ListItem\",\"position\":1,\"name\":\"Startseite\",\"item\":\"https:\\\/\\\/www.phoenix-ffm.de\\\/en\\\/\"},{\"@type\":\"ListItem\",\"position\":2,\"name\":\"Therapy\",\"item\":\"https:\\\/\\\/www.phoenix-ffm.de\\\/en\\\/therapy\\\/\"},{\"@type\":\"ListItem\",\"position\":3,\"name\":\"Special medical therapies\"}]},{\"@type\":\"WebSite\",\"@id\":\"https:\\\/\\\/www.phoenix-ffm.de\\\/en\\\/#website\",\"url\":\"https:\\\/\\\/www.phoenix-ffm.de\\\/en\\\/\",\"name\":\"Ph\u00f6nix Akademie f\u00fcr Kampfkunst und Heilk\u00fcnste\",\"description\":\"Frankfurt am Main\",\"publisher\":{\"@id\":\"https:\\\/\\\/www.phoenix-ffm.de\\\/en\\\/#organization\"},\"potentialAction\":[{\"@type\":\"SearchAction\",\"target\":{\"@type\":\"EntryPoint\",\"urlTemplate\":\"https:\\\/\\\/www.phoenix-ffm.de\\\/en\\\/?s={search_term_string}\"},\"query-input\":{\"@type\":\"PropertyValueSpecification\",\"valueRequired\":true,\"valueName\":\"search_term_string\"}}],\"inLanguage\":\"en-US\"},{\"@type\":\"Organization\",\"@id\":\"https:\\\/\\\/www.phoenix-ffm.de\\\/en\\\/#organization\",\"name\":\"Ph\u00f6nix Akademie f\u00fcr Kampfkunst und Heilk\u00fcnste\",\"url\":\"https:\\\/\\\/www.phoenix-ffm.de\\\/en\\\/\",\"logo\":{\"@type\":\"ImageObject\",\"inLanguage\":\"en-US\",\"@id\":\"https:\\\/\\\/www.phoenix-ffm.de\\\/en\\\/#\\\/schema\\\/logo\\\/image\\\/\",\"url\":\"https:\\\/\\\/www.phoenix-ffm.de\\\/wp-content\\\/uploads\\\/2025\\\/02\\\/fav_phoenix_270px.png\",\"contentUrl\":\"https:\\\/\\\/www.phoenix-ffm.de\\\/wp-content\\\/uploads\\\/2025\\\/02\\\/fav_phoenix_270px.png\",\"width\":270,\"height\":270,\"caption\":\"Ph\u00f6nix Akademie f\u00fcr Kampfkunst und Heilk\u00fcnste\"},\"image\":{\"@id\":\"https:\\\/\\\/www.phoenix-ffm.de\\\/en\\\/#\\\/schema\\\/logo\\\/image\\\/\"}}]}<\/script>\n<!-- \/ Yoast SEO plugin. -->","yoast_head_json":{"title":"Special medical therapies - Ph\u00f6nix Akademie f\u00fcr Kampfkunst und Heilk\u00fcnste","robots":{"index":"index","follow":"follow","max-snippet":"max-snippet:-1","max-image-preview":"max-image-preview:large","max-video-preview":"max-video-preview:-1"},"canonical":"https:\/\/www.phoenix-ffm.de\/en\/therapy\/special-medical-therapies\/","og_locale":"en_US","og_type":"article","og_title":"Special medical therapies - Ph\u00f6nix Akademie f\u00fcr Kampfkunst und Heilk\u00fcnste","og_url":"https:\/\/www.phoenix-ffm.de\/en\/therapy\/special-medical-therapies\/","og_site_name":"Ph\u00f6nix Akademie f\u00fcr Kampfkunst und Heilk\u00fcnste","article_modified_time":"2025-06-17T10:14:58+00:00","twitter_card":"summary_large_image","twitter_misc":{"Est. reading time":"37 minutes"},"schema":{"@context":"https:\/\/schema.org","@graph":[{"@type":"WebPage","@id":"https:\/\/www.phoenix-ffm.de\/en\/therapy\/special-medical-therapies\/","url":"https:\/\/www.phoenix-ffm.de\/en\/therapy\/special-medical-therapies\/","name":"Special medical therapies - Ph\u00f6nix Akademie f\u00fcr Kampfkunst und Heilk\u00fcnste","isPartOf":{"@id":"https:\/\/www.phoenix-ffm.de\/en\/#website"},"datePublished":"2025-02-12T12:48:47+00:00","dateModified":"2025-06-17T10:14:58+00:00","breadcrumb":{"@id":"https:\/\/www.phoenix-ffm.de\/en\/therapy\/special-medical-therapies\/#breadcrumb"},"inLanguage":"en-US","potentialAction":[{"@type":"ReadAction","target":["https:\/\/www.phoenix-ffm.de\/en\/therapy\/special-medical-therapies\/"]}]},{"@type":"BreadcrumbList","@id":"https:\/\/www.phoenix-ffm.de\/en\/therapy\/special-medical-therapies\/#breadcrumb","itemListElement":[{"@type":"ListItem","position":1,"name":"Startseite","item":"https:\/\/www.phoenix-ffm.de\/en\/"},{"@type":"ListItem","position":2,"name":"Therapy","item":"https:\/\/www.phoenix-ffm.de\/en\/therapy\/"},{"@type":"ListItem","position":3,"name":"Special medical therapies"}]},{"@type":"WebSite","@id":"https:\/\/www.phoenix-ffm.de\/en\/#website","url":"https:\/\/www.phoenix-ffm.de\/en\/","name":"Ph\u00f6nix Akademie f\u00fcr Kampfkunst und Heilk\u00fcnste","description":"Frankfurt am Main","publisher":{"@id":"https:\/\/www.phoenix-ffm.de\/en\/#organization"},"potentialAction":[{"@type":"SearchAction","target":{"@type":"EntryPoint","urlTemplate":"https:\/\/www.phoenix-ffm.de\/en\/?s={search_term_string}"},"query-input":{"@type":"PropertyValueSpecification","valueRequired":true,"valueName":"search_term_string"}}],"inLanguage":"en-US"},{"@type":"Organization","@id":"https:\/\/www.phoenix-ffm.de\/en\/#organization","name":"Ph\u00f6nix Akademie f\u00fcr Kampfkunst und Heilk\u00fcnste","url":"https:\/\/www.phoenix-ffm.de\/en\/","logo":{"@type":"ImageObject","inLanguage":"en-US","@id":"https:\/\/www.phoenix-ffm.de\/en\/#\/schema\/logo\/image\/","url":"https:\/\/www.phoenix-ffm.de\/wp-content\/uploads\/2025\/02\/fav_phoenix_270px.png","contentUrl":"https:\/\/www.phoenix-ffm.de\/wp-content\/uploads\/2025\/02\/fav_phoenix_270px.png","width":270,"height":270,"caption":"Ph\u00f6nix Akademie f\u00fcr Kampfkunst und Heilk\u00fcnste"},"image":{"@id":"https:\/\/www.phoenix-ffm.de\/en\/#\/schema\/logo\/image\/"}}]}},"_links":{"self":[{"href":"https:\/\/www.phoenix-ffm.de\/en\/wp-json\/wp\/v2\/pages\/1573","targetHints":{"allow":["GET"]}}],"collection":[{"href":"https:\/\/www.phoenix-ffm.de\/en\/wp-json\/wp\/v2\/pages"}],"about":[{"href":"https:\/\/www.phoenix-ffm.de\/en\/wp-json\/wp\/v2\/types\/page"}],"author":[{"embeddable":true,"href":"https:\/\/www.phoenix-ffm.de\/en\/wp-json\/wp\/v2\/users\/1"}],"replies":[{"embeddable":true,"href":"https:\/\/www.phoenix-ffm.de\/en\/wp-json\/wp\/v2\/comments?post=1573"}],"version-history":[{"count":1,"href":"https:\/\/www.phoenix-ffm.de\/en\/wp-json\/wp\/v2\/pages\/1573\/revisions"}],"predecessor-version":[{"id":1579,"href":"https:\/\/www.phoenix-ffm.de\/en\/wp-json\/wp\/v2\/pages\/1573\/revisions\/1579"}],"up":[{"embeddable":true,"href":"https:\/\/www.phoenix-ffm.de\/en\/wp-json\/wp\/v2\/pages\/1404"}],"wp:attachment":[{"href":"https:\/\/www.phoenix-ffm.de\/en\/wp-json\/wp\/v2\/media?parent=1573"}],"curies":[{"name":"wp","href":"https:\/\/api.w.org\/{rel}","templated":true}]}}