{"id":1581,"date":"2025-02-12T13:50:05","date_gmt":"2025-02-12T12:50:05","guid":{"rendered":"https:\/\/www.phoenix-ffm.de\/therapy\/acupressure\/"},"modified":"2025-06-17T12:14:58","modified_gmt":"2025-06-17T10:14:58","slug":"acupressure","status":"publish","type":"page","link":"https:\/\/www.phoenix-ffm.de\/en\/therapy\/acupressure\/","title":{"rendered":"Acupressure"},"content":{"rendered":"<p><div class=\"fusion-fullwidth fullwidth-box fusion-builder-row-1 fusion-flex-container has-pattern-background has-mask-background nonhundred-percent-fullwidth non-hundred-percent-height-scrolling\" style=\"--awb-border-radius-top-left:0px;--awb-border-radius-top-right:0px;--awb-border-radius-bottom-right:0px;--awb-border-radius-bottom-left:0px;--awb-flex-wrap:wrap;\" ><div class=\"fusion-builder-row fusion-row fusion-flex-align-items-flex-start fusion-flex-content-wrap\" style=\"max-width:1248px;margin-left: calc(-4% \/ 2 );margin-right: calc(-4% \/ 2 );\"><div class=\"fusion-layout-column fusion_builder_column fusion-builder-column-0 fusion_builder_column_1_1 1_1 fusion-flex-column\" style=\"--awb-bg-size:cover;--awb-width-large:100%;--awb-margin-top-large:0px;--awb-spacing-right-large:1.92%;--awb-margin-bottom-large:20px;--awb-spacing-left-large:1.92%;--awb-width-medium:100%;--awb-order-medium:0;--awb-spacing-right-medium:1.92%;--awb-spacing-left-medium:1.92%;--awb-width-small:100%;--awb-order-small:0;--awb-spacing-right-small:1.92%;--awb-spacing-left-small:1.92%;\"><div class=\"fusion-column-wrapper fusion-column-has-shadow fusion-flex-justify-content-flex-start fusion-content-layout-column\"><div class=\"fusion-title title fusion-title-1 fusion-sep-none fusion-title-center fusion-title-text fusion-title-size-one\" style=\"--awb-margin-top-small:10px;--awb-margin-right-small:0px;--awb-margin-bottom-small:10px;--awb-margin-left-small:0px;\"><h1 class=\"fusion-title-heading title-heading-center fusion-responsive-typography-calculated\" style=\"margin:0;--fontSize:60;line-height:var(--awb-typography1-line-height);\">Acupressure massage at the Phoenix Academy in Frankfurt<\/h1><\/div><div class=\"fusion-text fusion-text-1\"><p style=\"text-align: center;\">TCM massage for injuries and chronic conditions<\/p>\n<\/div><\/div><\/div><\/div><\/div><div class=\"fusion-fullwidth fullwidth-box fusion-builder-row-2 fusion-flex-container has-pattern-background has-mask-background nonhundred-percent-fullwidth non-hundred-percent-height-scrolling\" style=\"--awb-border-radius-top-left:0px;--awb-border-radius-top-right:0px;--awb-border-radius-bottom-right:0px;--awb-border-radius-bottom-left:0px;--awb-flex-wrap:wrap;\" ><div class=\"fusion-builder-row fusion-row fusion-flex-align-items-flex-start fusion-flex-justify-content-center fusion-flex-content-wrap\" style=\"max-width:1248px;margin-left: calc(-4% \/ 2 );margin-right: calc(-4% \/ 2 );\"><div class=\"fusion-layout-column fusion_builder_column fusion-builder-column-1 fusion_builder_column_1_1 1_1 fusion-flex-column\" style=\"--awb-bg-size:cover;--awb-width-large:100%;--awb-margin-top-large:0px;--awb-spacing-right-large:1.92%;--awb-margin-bottom-large:20px;--awb-spacing-left-large:1.92%;--awb-width-medium:100%;--awb-order-medium:0;--awb-spacing-right-medium:1.92%;--awb-spacing-left-medium:1.92%;--awb-width-small:100%;--awb-order-small:0;--awb-spacing-right-small:1.92%;--awb-spacing-left-small:1.92%;\"><div class=\"fusion-column-wrapper fusion-column-has-shadow fusion-flex-justify-content-flex-start fusion-content-layout-column\"><div class=\"fusion-title title fusion-title-2 fusion-sep-none fusion-title-center fusion-title-text fusion-title-size-two\" style=\"--awb-margin-top-small:10px;--awb-margin-right-small:0px;--awb-margin-bottom-small:10px;--awb-margin-left-small:0px;\"><h2 class=\"fusion-title-heading title-heading-center fusion-responsive-typography-calculated\" style=\"margin:0;--fontSize:54;line-height:var(--awb-typography1-line-height);\">Acupressure &#8211; TCM<\/h2><\/div><div class=\"fusion-title title fusion-title-3 fusion-sep-none fusion-title-center fusion-title-text fusion-title-size-two\" style=\"--awb-margin-top-small:10px;--awb-margin-right-small:0px;--awb-margin-bottom-small:10px;--awb-margin-left-small:0px;--awb-font-size:35px;\"><h2 class=\"fusion-title-heading title-heading-center fusion-responsive-typography-calculated\" style=\"margin:0;font-size:1em;--fontSize:35;line-height:var(--awb-typography1-line-height);\">We put pressure on your illness &#8211; and you feel good<\/h2><\/div><\/div><\/div><div class=\"fusion-layout-column fusion_builder_column fusion-builder-column-2 fusion_builder_column_2_3 2_3 fusion-flex-column\" style=\"--awb-bg-size:cover;--awb-width-large:66.666666666667%;--awb-margin-top-large:0px;--awb-spacing-right-large:2.88%;--awb-margin-bottom-large:20px;--awb-spacing-left-large:2.88%;--awb-width-medium:66.666666666667%;--awb-order-medium:0;--awb-spacing-right-medium:2.88%;--awb-spacing-left-medium:2.88%;--awb-width-small:100%;--awb-order-small:0;--awb-spacing-right-small:1.92%;--awb-spacing-left-small:1.92%;\"><div class=\"fusion-column-wrapper fusion-column-has-shadow fusion-flex-justify-content-flex-start fusion-content-layout-column\"><div class=\"fusion-text fusion-text-2 fusion-text-no-margin\" style=\"--awb-margin-bottom:50px;\"><p>Pressing, kneading, rubbing, tapping, with the fingers, edges, balls of the hands and knuckles &#8211; acupressure works with targeted pressure on the energy channels. Depending on the strength, duration, type and direction of the pressure, a pain-reducing, system-stimulating, dampening or balancing effect is achieved. <\/p>\n<p>Acupressure is mainly used as a main or supplementary treatment for musculoskeletal disorders, muscles and tendons, joints and nerve tracts. It also shows good results with physical and\/or psychological complaints such as headaches, tension, nervousness and sleep disorders; wrinkled skin and scars can be better supplied with blood through acupressure. <\/p>\n<p>Acupressure is also ideal for anyone who is stressed and anyone who needs to recharge their batteries. Let yourself be pressurized &#8211; you will feel good and do something for your health at the same time.<\/p>\n<\/div><div style=\"text-align:center;\"><a class=\"fusion-button button-flat fusion-button-default-size button-default fusion-button-default button-1 fusion-button-default-span fusion-button-default-type\" target=\"_blank\" rel=\"noopener noreferrer\" href=\"https:\/\/alexandra-prase-dressler.de\/\"><i class=\"fa-external-link-alt fas awb-button__icon awb-button__icon--default button-icon-left\" aria-hidden=\"true\"><\/i><span class=\"fusion-button-text awb-button__text awb-button__text--default\">To the website of alternative practitioner Alexandra Prase-Dre\u00dfler<\/span><\/a><\/div><\/div><\/div><\/div><\/div><\/p>\n","protected":false},"excerpt":{"rendered":"","protected":false},"author":1,"featured_media":0,"parent":1404,"menu_order":0,"comment_status":"closed","ping_status":"closed","template":"100-width.php","meta":{"footnotes":""},"class_list":["post-1581","page","type-page","status-publish","hentry"],"yoast_head":"<!-- This site is optimized with the Yoast SEO plugin v27.3 - https:\/\/yoast.com\/product\/yoast-seo-wordpress\/ -->\n<title>Acupressure - Ph\u00f6nix Akademie f\u00fcr Kampfkunst und Heilk\u00fcnste<\/title>\n<meta name=\"robots\" content=\"index, follow, max-snippet:-1, max-image-preview:large, max-video-preview:-1\" \/>\n<link rel=\"canonical\" href=\"https:\/\/www.phoenix-ffm.de\/en\/therapy\/acupressure\/\" \/>\n<meta property=\"og:locale\" content=\"en_US\" \/>\n<meta property=\"og:type\" content=\"article\" \/>\n<meta property=\"og:title\" content=\"Acupressure - Ph\u00f6nix Akademie f\u00fcr Kampfkunst und Heilk\u00fcnste\" \/>\n<meta property=\"og:url\" content=\"https:\/\/www.phoenix-ffm.de\/en\/therapy\/acupressure\/\" \/>\n<meta property=\"og:site_name\" content=\"Ph\u00f6nix Akademie f\u00fcr Kampfkunst und Heilk\u00fcnste\" \/>\n<meta property=\"article:modified_time\" content=\"2025-06-17T10:14:58+00:00\" \/>\n<meta name=\"twitter:card\" content=\"summary_large_image\" \/>\n<meta name=\"twitter:label1\" content=\"Est. reading time\" \/>\n\t<meta name=\"twitter:data1\" content=\"18 minutes\" \/>\n<script type=\"application\/ld+json\" class=\"yoast-schema-graph\">{\"@context\":\"https:\\\/\\\/schema.org\",\"@graph\":[{\"@type\":\"WebPage\",\"@id\":\"https:\\\/\\\/www.phoenix-ffm.de\\\/en\\\/therapy\\\/acupressure\\\/\",\"url\":\"https:\\\/\\\/www.phoenix-ffm.de\\\/en\\\/therapy\\\/acupressure\\\/\",\"name\":\"Acupressure - Ph\u00f6nix Akademie f\u00fcr Kampfkunst und Heilk\u00fcnste\",\"isPartOf\":{\"@id\":\"https:\\\/\\\/www.phoenix-ffm.de\\\/en\\\/#website\"},\"datePublished\":\"2025-02-12T12:50:05+00:00\",\"dateModified\":\"2025-06-17T10:14:58+00:00\",\"breadcrumb\":{\"@id\":\"https:\\\/\\\/www.phoenix-ffm.de\\\/en\\\/therapy\\\/acupressure\\\/#breadcrumb\"},\"inLanguage\":\"en-US\",\"potentialAction\":[{\"@type\":\"ReadAction\",\"target\":[\"https:\\\/\\\/www.phoenix-ffm.de\\\/en\\\/therapy\\\/acupressure\\\/\"]}]},{\"@type\":\"BreadcrumbList\",\"@id\":\"https:\\\/\\\/www.phoenix-ffm.de\\\/en\\\/therapy\\\/acupressure\\\/#breadcrumb\",\"itemListElement\":[{\"@type\":\"ListItem\",\"position\":1,\"name\":\"Startseite\",\"item\":\"https:\\\/\\\/www.phoenix-ffm.de\\\/en\\\/\"},{\"@type\":\"ListItem\",\"position\":2,\"name\":\"Therapy\",\"item\":\"https:\\\/\\\/www.phoenix-ffm.de\\\/en\\\/therapy\\\/\"},{\"@type\":\"ListItem\",\"position\":3,\"name\":\"Acupressure\"}]},{\"@type\":\"WebSite\",\"@id\":\"https:\\\/\\\/www.phoenix-ffm.de\\\/en\\\/#website\",\"url\":\"https:\\\/\\\/www.phoenix-ffm.de\\\/en\\\/\",\"name\":\"Ph\u00f6nix Akademie f\u00fcr Kampfkunst und Heilk\u00fcnste\",\"description\":\"Frankfurt am Main\",\"publisher\":{\"@id\":\"https:\\\/\\\/www.phoenix-ffm.de\\\/en\\\/#organization\"},\"potentialAction\":[{\"@type\":\"SearchAction\",\"target\":{\"@type\":\"EntryPoint\",\"urlTemplate\":\"https:\\\/\\\/www.phoenix-ffm.de\\\/en\\\/?s={search_term_string}\"},\"query-input\":{\"@type\":\"PropertyValueSpecification\",\"valueRequired\":true,\"valueName\":\"search_term_string\"}}],\"inLanguage\":\"en-US\"},{\"@type\":\"Organization\",\"@id\":\"https:\\\/\\\/www.phoenix-ffm.de\\\/en\\\/#organization\",\"name\":\"Ph\u00f6nix Akademie f\u00fcr Kampfkunst und Heilk\u00fcnste\",\"url\":\"https:\\\/\\\/www.phoenix-ffm.de\\\/en\\\/\",\"logo\":{\"@type\":\"ImageObject\",\"inLanguage\":\"en-US\",\"@id\":\"https:\\\/\\\/www.phoenix-ffm.de\\\/en\\\/#\\\/schema\\\/logo\\\/image\\\/\",\"url\":\"https:\\\/\\\/www.phoenix-ffm.de\\\/wp-content\\\/uploads\\\/2025\\\/02\\\/fav_phoenix_270px.png\",\"contentUrl\":\"https:\\\/\\\/www.phoenix-ffm.de\\\/wp-content\\\/uploads\\\/2025\\\/02\\\/fav_phoenix_270px.png\",\"width\":270,\"height\":270,\"caption\":\"Ph\u00f6nix Akademie f\u00fcr Kampfkunst und Heilk\u00fcnste\"},\"image\":{\"@id\":\"https:\\\/\\\/www.phoenix-ffm.de\\\/en\\\/#\\\/schema\\\/logo\\\/image\\\/\"}}]}<\/script>\n<!-- \/ Yoast SEO plugin. -->","yoast_head_json":{"title":"Acupressure - Ph\u00f6nix Akademie f\u00fcr Kampfkunst und Heilk\u00fcnste","robots":{"index":"index","follow":"follow","max-snippet":"max-snippet:-1","max-image-preview":"max-image-preview:large","max-video-preview":"max-video-preview:-1"},"canonical":"https:\/\/www.phoenix-ffm.de\/en\/therapy\/acupressure\/","og_locale":"en_US","og_type":"article","og_title":"Acupressure - Ph\u00f6nix Akademie f\u00fcr Kampfkunst und Heilk\u00fcnste","og_url":"https:\/\/www.phoenix-ffm.de\/en\/therapy\/acupressure\/","og_site_name":"Ph\u00f6nix Akademie f\u00fcr Kampfkunst und Heilk\u00fcnste","article_modified_time":"2025-06-17T10:14:58+00:00","twitter_card":"summary_large_image","twitter_misc":{"Est. reading time":"18 minutes"},"schema":{"@context":"https:\/\/schema.org","@graph":[{"@type":"WebPage","@id":"https:\/\/www.phoenix-ffm.de\/en\/therapy\/acupressure\/","url":"https:\/\/www.phoenix-ffm.de\/en\/therapy\/acupressure\/","name":"Acupressure - Ph\u00f6nix Akademie f\u00fcr Kampfkunst und Heilk\u00fcnste","isPartOf":{"@id":"https:\/\/www.phoenix-ffm.de\/en\/#website"},"datePublished":"2025-02-12T12:50:05+00:00","dateModified":"2025-06-17T10:14:58+00:00","breadcrumb":{"@id":"https:\/\/www.phoenix-ffm.de\/en\/therapy\/acupressure\/#breadcrumb"},"inLanguage":"en-US","potentialAction":[{"@type":"ReadAction","target":["https:\/\/www.phoenix-ffm.de\/en\/therapy\/acupressure\/"]}]},{"@type":"BreadcrumbList","@id":"https:\/\/www.phoenix-ffm.de\/en\/therapy\/acupressure\/#breadcrumb","itemListElement":[{"@type":"ListItem","position":1,"name":"Startseite","item":"https:\/\/www.phoenix-ffm.de\/en\/"},{"@type":"ListItem","position":2,"name":"Therapy","item":"https:\/\/www.phoenix-ffm.de\/en\/therapy\/"},{"@type":"ListItem","position":3,"name":"Acupressure"}]},{"@type":"WebSite","@id":"https:\/\/www.phoenix-ffm.de\/en\/#website","url":"https:\/\/www.phoenix-ffm.de\/en\/","name":"Ph\u00f6nix Akademie f\u00fcr Kampfkunst und Heilk\u00fcnste","description":"Frankfurt am Main","publisher":{"@id":"https:\/\/www.phoenix-ffm.de\/en\/#organization"},"potentialAction":[{"@type":"SearchAction","target":{"@type":"EntryPoint","urlTemplate":"https:\/\/www.phoenix-ffm.de\/en\/?s={search_term_string}"},"query-input":{"@type":"PropertyValueSpecification","valueRequired":true,"valueName":"search_term_string"}}],"inLanguage":"en-US"},{"@type":"Organization","@id":"https:\/\/www.phoenix-ffm.de\/en\/#organization","name":"Ph\u00f6nix Akademie f\u00fcr Kampfkunst und Heilk\u00fcnste","url":"https:\/\/www.phoenix-ffm.de\/en\/","logo":{"@type":"ImageObject","inLanguage":"en-US","@id":"https:\/\/www.phoenix-ffm.de\/en\/#\/schema\/logo\/image\/","url":"https:\/\/www.phoenix-ffm.de\/wp-content\/uploads\/2025\/02\/fav_phoenix_270px.png","contentUrl":"https:\/\/www.phoenix-ffm.de\/wp-content\/uploads\/2025\/02\/fav_phoenix_270px.png","width":270,"height":270,"caption":"Ph\u00f6nix Akademie f\u00fcr Kampfkunst und Heilk\u00fcnste"},"image":{"@id":"https:\/\/www.phoenix-ffm.de\/en\/#\/schema\/logo\/image\/"}}]}},"_links":{"self":[{"href":"https:\/\/www.phoenix-ffm.de\/en\/wp-json\/wp\/v2\/pages\/1581","targetHints":{"allow":["GET"]}}],"collection":[{"href":"https:\/\/www.phoenix-ffm.de\/en\/wp-json\/wp\/v2\/pages"}],"about":[{"href":"https:\/\/www.phoenix-ffm.de\/en\/wp-json\/wp\/v2\/types\/page"}],"author":[{"embeddable":true,"href":"https:\/\/www.phoenix-ffm.de\/en\/wp-json\/wp\/v2\/users\/1"}],"replies":[{"embeddable":true,"href":"https:\/\/www.phoenix-ffm.de\/en\/wp-json\/wp\/v2\/comments?post=1581"}],"version-history":[{"count":1,"href":"https:\/\/www.phoenix-ffm.de\/en\/wp-json\/wp\/v2\/pages\/1581\/revisions"}],"predecessor-version":[{"id":1586,"href":"https:\/\/www.phoenix-ffm.de\/en\/wp-json\/wp\/v2\/pages\/1581\/revisions\/1586"}],"up":[{"embeddable":true,"href":"https:\/\/www.phoenix-ffm.de\/en\/wp-json\/wp\/v2\/pages\/1404"}],"wp:attachment":[{"href":"https:\/\/www.phoenix-ffm.de\/en\/wp-json\/wp\/v2\/media?parent=1581"}],"curies":[{"name":"wp","href":"https:\/\/api.w.org\/{rel}","templated":true}]}}