{"id":1698,"date":"2025-02-11T11:29:35","date_gmt":"2025-02-11T10:29:35","guid":{"rendered":"https:\/\/www.phoenix-ffm.de\/lista-de-precios\/"},"modified":"2026-01-05T13:02:38","modified_gmt":"2026-01-05T12:02:38","slug":"lista-de-precios","status":"publish","type":"page","link":"https:\/\/www.phoenix-ffm.de\/es\/lista-de-precios\/","title":{"rendered":"Lista de precios"},"content":{"rendered":"<p><div class=\"fusion-fullwidth fullwidth-box fusion-builder-row-1 fusion-flex-container has-pattern-background has-mask-background nonhundred-percent-fullwidth non-hundred-percent-height-scrolling\" style=\"--awb-border-radius-top-left:0px;--awb-border-radius-top-right:0px;--awb-border-radius-bottom-right:0px;--awb-border-radius-bottom-left:0px;--awb-flex-wrap:wrap;\" ><div class=\"fusion-builder-row fusion-row fusion-flex-align-items-flex-start fusion-flex-content-wrap\" style=\"max-width:1248px;margin-left: calc(-4% \/ 2 );margin-right: calc(-4% \/ 2 );\"><div class=\"fusion-layout-column fusion_builder_column fusion-builder-column-0 fusion_builder_column_1_1 1_1 fusion-flex-column\" style=\"--awb-bg-size:cover;--awb-width-large:100%;--awb-margin-top-large:0px;--awb-spacing-right-large:1.92%;--awb-margin-bottom-large:20px;--awb-spacing-left-large:1.92%;--awb-width-medium:100%;--awb-order-medium:0;--awb-spacing-right-medium:1.92%;--awb-spacing-left-medium:1.92%;--awb-width-small:100%;--awb-order-small:0;--awb-spacing-right-small:1.92%;--awb-spacing-left-small:1.92%;\"><div class=\"fusion-column-wrapper fusion-column-has-shadow fusion-flex-justify-content-flex-start fusion-content-layout-column\"><div class=\"fusion-title title fusion-title-1 fusion-sep-none fusion-title-text fusion-title-size-one\" style=\"--awb-margin-top-small:10px;--awb-margin-right-small:0px;--awb-margin-bottom-small:10px;--awb-margin-left-small:0px;\"><h1 class=\"fusion-title-heading title-heading-left fusion-responsive-typography-calculated\" style=\"margin:0;--fontSize:60;line-height:var(--awb-typography1-line-height);\">Lista de precios \/ Contribuciones<\/h1><\/div><div class=\"fusion-text fusion-text-1\"><p>V\u00e1lido del 1 de enero de 2026 al 31 de diciembre de 2026<\/p>\n<\/div><\/div><\/div><\/div><\/div><div class=\"fusion-fullwidth fullwidth-box fusion-builder-row-2 fusion-flex-container has-pattern-background has-mask-background nonhundred-percent-fullwidth non-hundred-percent-height-scrolling\" style=\"--awb-border-radius-top-left:0px;--awb-border-radius-top-right:0px;--awb-border-radius-bottom-right:0px;--awb-border-radius-bottom-left:0px;--awb-flex-wrap:wrap;\" ><div class=\"fusion-builder-row fusion-row fusion-flex-align-items-flex-start fusion-flex-content-wrap\" style=\"max-width:1248px;margin-left: calc(-4% \/ 2 );margin-right: calc(-4% \/ 2 );\"><div class=\"fusion-layout-column fusion_builder_column fusion-builder-column-1 fusion_builder_column_1_2 1_2 fusion-flex-column\" style=\"--awb-bg-size:cover;--awb-width-large:50%;--awb-margin-top-large:0px;--awb-spacing-right-large:3.84%;--awb-margin-bottom-large:20px;--awb-spacing-left-large:3.84%;--awb-width-medium:50%;--awb-order-medium:0;--awb-spacing-right-medium:3.84%;--awb-spacing-left-medium:3.84%;--awb-width-small:100%;--awb-order-small:0;--awb-spacing-right-small:1.92%;--awb-spacing-left-small:1.92%;\"><div class=\"fusion-column-wrapper fusion-column-has-shadow fusion-flex-justify-content-flex-start fusion-content-layout-column\"><div class=\"fusion-title title fusion-title-2 fusion-sep-none fusion-title-text fusion-title-size-three\" style=\"--awb-text-color:var(--awb-color5);--awb-margin-top-small:10px;--awb-margin-right-small:0px;--awb-margin-bottom-small:10px;--awb-margin-left-small:0px;\"><h3 class=\"fusion-title-heading title-heading-left fusion-responsive-typography-calculated\" style=\"margin:0;--fontSize:40;line-height:var(--awb-typography1-line-height);\">Contribuciones<\/h3><\/div>\n<div class=\"table-1\">\n<table width=\"100%\">\n<thead>\n<tr>\n<th align=\"left\"><strong>Entrenamiento por semana<\/strong><\/th>\n<th style=\"text-align: right;\" align=\"left\"><strong>Cuota mensual<\/strong><\/th>\n<\/tr>\n<\/thead>\n<tbody>\n<tr>\n<td align=\"left\">1 hora<\/td>\n<td align=\"right\">\u20ac 55,-<\/td>\n<\/tr>\n<tr>\n<td align=\"left\">1 hora y media<\/td>\n<td align=\"right\">\u20ac 60,-<\/td>\n<\/tr>\n<tr>\n<td align=\"left\">2.0 hora<\/td>\n<td align=\"right\">\u20ac 65,-<\/td>\n<\/tr>\n<tr>\n<td align=\"left\">2,5 horas<\/td>\n<td align=\"right\">\u20ac 70,-<\/td>\n<\/tr>\n<tr>\n<td align=\"left\">3.0 hora<\/td>\n<td align=\"right\">\u20ac 75,-<\/td>\n<\/tr>\n<tr>\n<td align=\"left\">3,5 horas<\/td>\n<td align=\"right\">\u20ac 80,-<\/td>\n<\/tr>\n<tr>\n<td align=\"left\">4.0 hora<\/td>\n<td align=\"right\">\u20ac 85,-<\/td>\n<\/tr>\n<tr>\n<td align=\"left\">4,5 horas<\/td>\n<td align=\"right\">\u20ac 90,-<\/td>\n<\/tr>\n<tr>\n<td align=\"left\">5.0 hora<\/td>\n<td align=\"right\">\u20ac 95,-<\/td>\n<\/tr>\n<tr>\n<td align=\"left\">5,5 hora<\/td>\n<td align=\"right\">\u20ac 100,-<\/td>\n<\/tr>\n<\/tbody>\n<\/table>\n<\/div>\n<\/div><\/div><div class=\"fusion-layout-column fusion_builder_column fusion-builder-column-2 fusion_builder_column_1_2 1_2 fusion-flex-column\" style=\"--awb-bg-size:cover;--awb-width-large:50%;--awb-margin-top-large:0px;--awb-spacing-right-large:3.84%;--awb-margin-bottom-large:20px;--awb-spacing-left-large:3.84%;--awb-width-medium:50%;--awb-order-medium:0;--awb-spacing-right-medium:3.84%;--awb-spacing-left-medium:3.84%;--awb-width-small:100%;--awb-order-small:0;--awb-spacing-right-small:1.92%;--awb-spacing-left-small:1.92%;\"><div class=\"fusion-column-wrapper fusion-column-has-shadow fusion-flex-justify-content-flex-start fusion-content-layout-column\"><div class=\"fusion-title title fusion-title-3 fusion-sep-none fusion-title-text fusion-title-size-three\" style=\"--awb-text-color:var(--awb-color5);--awb-margin-top-small:10px;--awb-margin-right-small:0px;--awb-margin-bottom-small:10px;--awb-margin-left-small:0px;\"><h3 class=\"fusion-title-heading title-heading-left fusion-responsive-typography-calculated\" style=\"margin:0;--fontSize:40;line-height:var(--awb-typography1-line-height);\">Bono<\/h3><\/div>\n<div class=\"table-1\" style=\"--awb-margin-bottom:30px;\">\n<table width=\"100%\">\n<thead>\n<tr>\n<th align=\"left\"><strong>Designaci\u00f3n<\/strong><\/th>\n<th style=\"text-align: right;\" align=\"left\"><strong>Prima mensual<br \/>\n<\/strong><\/th>\n<\/tr>\n<\/thead>\n<tbody>\n<tr>\n<td align=\"left\"><b>Qi Dao <\/b>(hasta 14 a\u00f1os | 3 horas a la semana)<\/td>\n<td align=\"right\">\u20ac 55,-<\/td>\n<\/tr>\n<tr>\n<td align=\"left\"><b>Jade <\/b>(curso de libre elecci\u00f3n)<\/td>\n<td align=\"right\">\u20ac 99,-<\/td>\n<\/tr>\n<\/tbody>\n<\/table>\n<\/div>\n<div class=\"fusion-title title fusion-title-4 fusion-sep-none fusion-title-text fusion-title-size-three\" style=\"--awb-text-color:var(--awb-color5);--awb-margin-top-small:10px;--awb-margin-right-small:0px;--awb-margin-bottom-small:10px;--awb-margin-left-small:0px;\"><h3 class=\"fusion-title-heading title-heading-left fusion-responsive-typography-calculated\" style=\"margin:0;--fontSize:40;line-height:var(--awb-typography1-line-height);\">Descuentos<\/h3><\/div>\n<div class=\"table-1\" style=\"--awb-margin-bottom:10px;\">\n<table width=\"100%\">\n<thead>\n<tr>\n<th align=\"left\"><strong>Nombre<\/strong><\/th>\n<th style=\"text-align: right;\" align=\"left\"><strong>Descuento mensual<br \/>\n<\/strong><\/th>\n<\/tr>\n<\/thead>\n<tbody>\n<tr>\n<td align=\"left\"><b>Ni\u00f1os<\/b> hasta 14 a\u00f1os<\/td>\n<td align=\"right\">\u20ac 12,-<\/td>\n<\/tr>\n<tr>\n<td align=\"left\"><b>Alumnos, estudiantes, artistas, becarios<\/b><\/td>\n<td align=\"right\">\u20ac 8,-<\/td>\n<\/tr>\n<tr>\n<td align=\"left\"><b>Descuento familiar<\/b> (por miembro)<\/td>\n<td align=\"right\">\u20ac 8,-<\/td>\n<\/tr>\n<tr>\n<td align=\"left\"><b>a partir del 3er miembro de la familia<\/b> (por miembro)<\/td>\n<td align=\"right\">\u20ac 12,-<\/td>\n<\/tr>\n<\/tbody>\n<\/table>\n<\/div>\n<div class=\"fusion-text fusion-text-2\"><p>Los bonos y descuentos no son acumulables entre s\u00ed.<br \/>\nLos descuentos familiares no son acumulables entre s\u00ed.<\/p>\n<\/div><\/div><\/div><\/div><\/div><div class=\"fusion-fullwidth fullwidth-box fusion-builder-row-3 fusion-flex-container has-pattern-background has-mask-background nonhundred-percent-fullwidth non-hundred-percent-height-scrolling\" style=\"--awb-border-radius-top-left:0px;--awb-border-radius-top-right:0px;--awb-border-radius-bottom-right:0px;--awb-border-radius-bottom-left:0px;--awb-flex-wrap:wrap;\" ><div class=\"fusion-builder-row fusion-row fusion-flex-align-items-flex-start fusion-flex-content-wrap\" style=\"max-width:1248px;margin-left: calc(-4% \/ 2 );margin-right: calc(-4% \/ 2 );\"><div class=\"fusion-layout-column fusion_builder_column fusion-builder-column-3 fusion_builder_column_1_2 1_2 fusion-flex-column\" style=\"--awb-bg-size:cover;--awb-width-large:50%;--awb-margin-top-large:0px;--awb-spacing-right-large:3.84%;--awb-margin-bottom-large:20px;--awb-spacing-left-large:3.84%;--awb-width-medium:50%;--awb-order-medium:0;--awb-spacing-right-medium:3.84%;--awb-spacing-left-medium:3.84%;--awb-width-small:100%;--awb-order-small:0;--awb-spacing-right-small:1.92%;--awb-spacing-left-small:1.92%;\"><div class=\"fusion-column-wrapper fusion-column-has-shadow fusion-flex-justify-content-flex-start fusion-content-layout-column\"><div class=\"fusion-title title fusion-title-5 fusion-sep-none fusion-title-text fusion-title-size-three\" style=\"--awb-text-color:var(--awb-color5);--awb-margin-top-small:10px;--awb-margin-right-small:0px;--awb-margin-bottom-small:10px;--awb-margin-left-small:0px;\"><h3 class=\"fusion-title-heading title-heading-left fusion-responsive-typography-calculated\" style=\"margin:0;--fontSize:40;line-height:var(--awb-typography1-line-height);\">Sin compromiso contractual<\/h3><\/div>\n<div class=\"table-1\">\n<table width=\"100%\">\n<thead>\n<tr>\n<th align=\"left\"><strong>Denominaci\u00f3n<\/strong><\/th>\n<th style=\"text-align: right;\" align=\"left\"><strong>Precio<\/strong><\/th>\n<\/tr>\n<\/thead>\n<tbody>\n<tr>\n<td align=\"left\"><strong>Billete de 10<\/strong> hasta 90 minutos<\/td>\n<td align=\"right\">\u20ac 250,-<\/td>\n<\/tr>\n<tr>\n<td align=\"left\"><strong>Billete de 10 ni\u00f1os<\/strong> hasta 90 minutos hasta 14 a\u00f1os<\/td>\n<td align=\"right\">\u20ac 180,-<\/td>\n<\/tr>\n<tr>\n<td align=\"left\"><strong>Entrenamiento personal<\/strong><\/td>\n<td align=\"right\">Precio a consultar<\/td>\n<\/tr>\n<\/tbody>\n<\/table>\n<\/div>\n<\/div><\/div><div class=\"fusion-layout-column fusion_builder_column fusion-builder-column-4 fusion_builder_column_1_2 1_2 fusion-flex-column fusion-flex-align-self-stretch\" style=\"--awb-bg-size:cover;--awb-width-large:50%;--awb-margin-top-large:0px;--awb-spacing-right-large:3.84%;--awb-margin-bottom-large:20px;--awb-spacing-left-large:3.84%;--awb-width-medium:50%;--awb-order-medium:0;--awb-spacing-right-medium:3.84%;--awb-spacing-left-medium:3.84%;--awb-width-small:100%;--awb-order-small:0;--awb-spacing-right-small:1.92%;--awb-spacing-left-small:1.92%;\" data-scroll-devices=\"small-visibility,medium-visibility,large-visibility\"><div class=\"fusion-column-wrapper fusion-column-has-shadow fusion-flex-justify-content-center fusion-content-layout-column\"><div class=\"fusion-text fusion-text-3\"><p>\u00a1La participaci\u00f3n en nuestros cursos de Kung Fu para ni\u00f1os y j\u00f3venes tambi\u00e9n es posible para quienes tengan derecho al paquete de educaci\u00f3n y participaci\u00f3n del estado de Hesse!<\/p>\n<\/div><\/div><\/div><\/div><\/div><\/p>\n","protected":false},"excerpt":{"rendered":"","protected":false},"author":1,"featured_media":0,"parent":0,"menu_order":0,"comment_status":"closed","ping_status":"closed","template":"100-width.php","meta":{"footnotes":""},"class_list":["post-1698","page","type-page","status-publish","hentry"],"yoast_head":"<!-- This site is optimized with the Yoast SEO plugin v27.3 - https:\/\/yoast.com\/product\/yoast-seo-wordpress\/ -->\n<title>Lista de precios - Ph\u00f6nix Akademie f\u00fcr Kampfkunst und Heilk\u00fcnste<\/title>\n<meta name=\"robots\" content=\"index, follow, max-snippet:-1, max-image-preview:large, max-video-preview:-1\" \/>\n<link rel=\"canonical\" href=\"https:\/\/www.phoenix-ffm.de\/es\/lista-de-precios\/\" \/>\n<meta property=\"og:locale\" content=\"es_ES\" \/>\n<meta property=\"og:type\" content=\"article\" \/>\n<meta property=\"og:title\" content=\"Lista de precios - Ph\u00f6nix Akademie f\u00fcr Kampfkunst und Heilk\u00fcnste\" \/>\n<meta property=\"og:url\" content=\"https:\/\/www.phoenix-ffm.de\/es\/lista-de-precios\/\" \/>\n<meta property=\"og:site_name\" content=\"Ph\u00f6nix Akademie f\u00fcr Kampfkunst und Heilk\u00fcnste\" \/>\n<meta property=\"article:modified_time\" content=\"2026-01-05T12:02:38+00:00\" \/>\n<meta name=\"twitter:card\" content=\"summary_large_image\" \/>\n<meta name=\"twitter:label1\" content=\"Tiempo de lectura\" \/>\n\t<meta name=\"twitter:data1\" content=\"28 minutos\" \/>\n<script type=\"application\/ld+json\" class=\"yoast-schema-graph\">{\"@context\":\"https:\\\/\\\/schema.org\",\"@graph\":[{\"@type\":\"WebPage\",\"@id\":\"https:\\\/\\\/www.phoenix-ffm.de\\\/es\\\/lista-de-precios\\\/\",\"url\":\"https:\\\/\\\/www.phoenix-ffm.de\\\/es\\\/lista-de-precios\\\/\",\"name\":\"Lista de precios - Ph\u00f6nix Akademie f\u00fcr Kampfkunst und Heilk\u00fcnste\",\"isPartOf\":{\"@id\":\"https:\\\/\\\/www.phoenix-ffm.de\\\/es\\\/#website\"},\"datePublished\":\"2025-02-11T10:29:35+00:00\",\"dateModified\":\"2026-01-05T12:02:38+00:00\",\"breadcrumb\":{\"@id\":\"https:\\\/\\\/www.phoenix-ffm.de\\\/es\\\/lista-de-precios\\\/#breadcrumb\"},\"inLanguage\":\"es\",\"potentialAction\":[{\"@type\":\"ReadAction\",\"target\":[\"https:\\\/\\\/www.phoenix-ffm.de\\\/es\\\/lista-de-precios\\\/\"]}]},{\"@type\":\"BreadcrumbList\",\"@id\":\"https:\\\/\\\/www.phoenix-ffm.de\\\/es\\\/lista-de-precios\\\/#breadcrumb\",\"itemListElement\":[{\"@type\":\"ListItem\",\"position\":1,\"name\":\"P\u00e1gina de inicio\",\"item\":\"https:\\\/\\\/www.phoenix-ffm.de\\\/es\\\/pagina-de-inicio\\\/\"},{\"@type\":\"ListItem\",\"position\":2,\"name\":\"Lista de precios\"}]},{\"@type\":\"WebSite\",\"@id\":\"https:\\\/\\\/www.phoenix-ffm.de\\\/es\\\/#website\",\"url\":\"https:\\\/\\\/www.phoenix-ffm.de\\\/es\\\/\",\"name\":\"Ph\u00f6nix Akademie f\u00fcr Kampfkunst und Heilk\u00fcnste\",\"description\":\"Frankfurt am Main\",\"publisher\":{\"@id\":\"https:\\\/\\\/www.phoenix-ffm.de\\\/es\\\/#organization\"},\"potentialAction\":[{\"@type\":\"SearchAction\",\"target\":{\"@type\":\"EntryPoint\",\"urlTemplate\":\"https:\\\/\\\/www.phoenix-ffm.de\\\/es\\\/?s={search_term_string}\"},\"query-input\":{\"@type\":\"PropertyValueSpecification\",\"valueRequired\":true,\"valueName\":\"search_term_string\"}}],\"inLanguage\":\"es\"},{\"@type\":\"Organization\",\"@id\":\"https:\\\/\\\/www.phoenix-ffm.de\\\/es\\\/#organization\",\"name\":\"Ph\u00f6nix Akademie f\u00fcr Kampfkunst und Heilk\u00fcnste\",\"url\":\"https:\\\/\\\/www.phoenix-ffm.de\\\/es\\\/\",\"logo\":{\"@type\":\"ImageObject\",\"inLanguage\":\"es\",\"@id\":\"https:\\\/\\\/www.phoenix-ffm.de\\\/es\\\/#\\\/schema\\\/logo\\\/image\\\/\",\"url\":\"https:\\\/\\\/www.phoenix-ffm.de\\\/wp-content\\\/uploads\\\/2025\\\/02\\\/fav_phoenix_270px.png\",\"contentUrl\":\"https:\\\/\\\/www.phoenix-ffm.de\\\/wp-content\\\/uploads\\\/2025\\\/02\\\/fav_phoenix_270px.png\",\"width\":270,\"height\":270,\"caption\":\"Ph\u00f6nix Akademie f\u00fcr Kampfkunst und Heilk\u00fcnste\"},\"image\":{\"@id\":\"https:\\\/\\\/www.phoenix-ffm.de\\\/es\\\/#\\\/schema\\\/logo\\\/image\\\/\"}}]}<\/script>\n<!-- \/ Yoast SEO plugin. -->","yoast_head_json":{"title":"Lista de precios - Ph\u00f6nix Akademie f\u00fcr Kampfkunst und Heilk\u00fcnste","robots":{"index":"index","follow":"follow","max-snippet":"max-snippet:-1","max-image-preview":"max-image-preview:large","max-video-preview":"max-video-preview:-1"},"canonical":"https:\/\/www.phoenix-ffm.de\/es\/lista-de-precios\/","og_locale":"es_ES","og_type":"article","og_title":"Lista de precios - Ph\u00f6nix Akademie f\u00fcr Kampfkunst und Heilk\u00fcnste","og_url":"https:\/\/www.phoenix-ffm.de\/es\/lista-de-precios\/","og_site_name":"Ph\u00f6nix Akademie f\u00fcr Kampfkunst und Heilk\u00fcnste","article_modified_time":"2026-01-05T12:02:38+00:00","twitter_card":"summary_large_image","twitter_misc":{"Tiempo de lectura":"28 minutos"},"schema":{"@context":"https:\/\/schema.org","@graph":[{"@type":"WebPage","@id":"https:\/\/www.phoenix-ffm.de\/es\/lista-de-precios\/","url":"https:\/\/www.phoenix-ffm.de\/es\/lista-de-precios\/","name":"Lista de precios - Ph\u00f6nix Akademie f\u00fcr Kampfkunst und Heilk\u00fcnste","isPartOf":{"@id":"https:\/\/www.phoenix-ffm.de\/es\/#website"},"datePublished":"2025-02-11T10:29:35+00:00","dateModified":"2026-01-05T12:02:38+00:00","breadcrumb":{"@id":"https:\/\/www.phoenix-ffm.de\/es\/lista-de-precios\/#breadcrumb"},"inLanguage":"es","potentialAction":[{"@type":"ReadAction","target":["https:\/\/www.phoenix-ffm.de\/es\/lista-de-precios\/"]}]},{"@type":"BreadcrumbList","@id":"https:\/\/www.phoenix-ffm.de\/es\/lista-de-precios\/#breadcrumb","itemListElement":[{"@type":"ListItem","position":1,"name":"P\u00e1gina de inicio","item":"https:\/\/www.phoenix-ffm.de\/es\/pagina-de-inicio\/"},{"@type":"ListItem","position":2,"name":"Lista de precios"}]},{"@type":"WebSite","@id":"https:\/\/www.phoenix-ffm.de\/es\/#website","url":"https:\/\/www.phoenix-ffm.de\/es\/","name":"Ph\u00f6nix Akademie f\u00fcr Kampfkunst und Heilk\u00fcnste","description":"Frankfurt am Main","publisher":{"@id":"https:\/\/www.phoenix-ffm.de\/es\/#organization"},"potentialAction":[{"@type":"SearchAction","target":{"@type":"EntryPoint","urlTemplate":"https:\/\/www.phoenix-ffm.de\/es\/?s={search_term_string}"},"query-input":{"@type":"PropertyValueSpecification","valueRequired":true,"valueName":"search_term_string"}}],"inLanguage":"es"},{"@type":"Organization","@id":"https:\/\/www.phoenix-ffm.de\/es\/#organization","name":"Ph\u00f6nix Akademie f\u00fcr Kampfkunst und Heilk\u00fcnste","url":"https:\/\/www.phoenix-ffm.de\/es\/","logo":{"@type":"ImageObject","inLanguage":"es","@id":"https:\/\/www.phoenix-ffm.de\/es\/#\/schema\/logo\/image\/","url":"https:\/\/www.phoenix-ffm.de\/wp-content\/uploads\/2025\/02\/fav_phoenix_270px.png","contentUrl":"https:\/\/www.phoenix-ffm.de\/wp-content\/uploads\/2025\/02\/fav_phoenix_270px.png","width":270,"height":270,"caption":"Ph\u00f6nix Akademie f\u00fcr Kampfkunst und Heilk\u00fcnste"},"image":{"@id":"https:\/\/www.phoenix-ffm.de\/es\/#\/schema\/logo\/image\/"}}]}},"_links":{"self":[{"href":"https:\/\/www.phoenix-ffm.de\/es\/wp-json\/wp\/v2\/pages\/1698","targetHints":{"allow":["GET"]}}],"collection":[{"href":"https:\/\/www.phoenix-ffm.de\/es\/wp-json\/wp\/v2\/pages"}],"about":[{"href":"https:\/\/www.phoenix-ffm.de\/es\/wp-json\/wp\/v2\/types\/page"}],"author":[{"embeddable":true,"href":"https:\/\/www.phoenix-ffm.de\/es\/wp-json\/wp\/v2\/users\/1"}],"replies":[{"embeddable":true,"href":"https:\/\/www.phoenix-ffm.de\/es\/wp-json\/wp\/v2\/comments?post=1698"}],"version-history":[{"count":27,"href":"https:\/\/www.phoenix-ffm.de\/es\/wp-json\/wp\/v2\/pages\/1698\/revisions"}],"predecessor-version":[{"id":4055,"href":"https:\/\/www.phoenix-ffm.de\/es\/wp-json\/wp\/v2\/pages\/1698\/revisions\/4055"}],"wp:attachment":[{"href":"https:\/\/www.phoenix-ffm.de\/es\/wp-json\/wp\/v2\/media?parent=1698"}],"curies":[{"name":"wp","href":"https:\/\/api.w.org\/{rel}","templated":true}]}}